{"id":2338,"date":"2021-03-12T17:30:40","date_gmt":"2021-03-12T16:30:40","guid":{"rendered":"https:\/\/www.victoriapalacehotels.com\/?page_id=2338"},"modified":"2025-12-30T10:00:39","modified_gmt":"2025-12-30T09:00:39","slug":"hotel-4-etoiles-a-cattolica","status":"publish","type":"page","link":"https:\/\/www.victoriapalacehotels.com\/fr\/","title":{"rendered":"Homepage"},"content":{"rendered":"<p>Install\u00e9 dans un b\u00e2timent datant du milieu du XXe si\u00e8cle, l&rsquo;h\u00f4tel 4 \u00e9toiles du Cattolica Victoria Palace Hotel est un h\u00f4tel moderne \u00e0 la gestion familiale \u00e0 500 m\u00e8tres de l&rsquo;arr\u00eat de bus 76 Mazzini et \u00e0 6 km du circuit de Misano nomm\u00e9 d&rsquo;apr\u00e8s Marco Simoncelli.<\/p>\n<p>Les grandes chambres disposent d&rsquo;un sol en c\u00e9ramique, d&rsquo;une connexion Wi-Fi gratuite, d&rsquo;une t\u00e9l\u00e9vision \u00e0 \u00e9cran plat, d&rsquo;un minibar et d&rsquo;un balcon. Les chambres de cat\u00e9gorie sup\u00e9rieure offrent \u00e9galement une cafeti\u00e8re, un coin d\u00e9tente et l&rsquo;acc\u00e8s au spa.<\/p>\n<p>Le petit-d\u00e9jeuner buffet est inclus dans le tarif et servi dans la salle \u00e0 manger \/ salon. L&rsquo;h\u00f4tel comprend \u00e9galement 2 restaurants et un bar. Les autres \u00e9quipements comprennent un spa avec une piscine int\u00e9rieure chauff\u00e9e, un bain \u00e0 remous, un hammam et un sauna. L&rsquo;\u00e9tablissement propose \u00e9galement un centre de remise en forme, un local \u00e0 v\u00e9los et un parking.<\/p>\n<p>Le Victoria Palace Hotel est l&rsquo;un des meilleurs h\u00f4tels 4 \u00e9toiles de la C\u00f4te d&rsquo;Azur, venez d\u00e9couvrir l&rsquo;hospitalit\u00e9 et les opportunit\u00e9s que nous avons.<\/p>\n","protected":false},"excerpt":{"rendered":"<p>Install\u00e9 dans un b\u00e2timent datant du milieu du XXe si\u00e8cle, l&rsquo;h\u00f4tel 4 \u00e9toiles du Cattolica Victoria Palace Hotel est un h\u00f4tel moderne \u00e0 la gestion familiale \u00e0 500 m\u00e8tres de l&rsquo;arr\u00eat de bus 76 Mazzini et \u00e0 6 km du circuit de Misano nomm\u00e9 d&rsquo;apr\u00e8s Marco Simoncelli. Les grandes chambres disposent d&rsquo;un sol en c\u00e9ramique, [&hellip;]<\/p>\n","protected":false},"author":1,"featured_media":0,"parent":0,"menu_order":0,"comment_status":"closed","ping_status":"closed","template":"homepage.php","meta":{"_acf_changed":false,"footnotes":""},"class_list":["post-2338","page","type-page","status-publish","hentry"],"acf":[],"yoast_head":"<!-- This site is optimized with the Yoast SEO plugin v27.5 - https:\/\/yoast.com\/product\/yoast-seo-wordpress\/ -->\n<title>Victoria Palace Hotels Cattolica | H\u00f4tel 4 \u00c9toiles en Bord de Mer<\/title>\n<meta name=\"description\" content=\"S\u00e9journez au Victoria Palace Hotel, h\u00f4tel 4 \u00e9toiles en bord de mer \u00e0 Cattolica. Chambres \u00e9l\u00e9gantes, SPA, lounge bar et vue sur l&#039;Adriatique.\" \/>\n<meta name=\"robots\" content=\"index, follow, max-snippet:-1, max-image-preview:large, max-video-preview:-1\" \/>\n<link rel=\"canonical\" href=\"https:\/\/www.victoriapalacehotels.com\/fr\/\" \/>\n<meta property=\"og:locale\" content=\"fr_FR\" \/>\n<meta property=\"og:type\" content=\"article\" \/>\n<meta property=\"og:title\" content=\"Victoria Palace Hotels Cattolica | H\u00f4tel 4 \u00c9toiles en Bord de Mer\" \/>\n<meta property=\"og:description\" content=\"S\u00e9journez au Victoria Palace Hotel, h\u00f4tel 4 \u00e9toiles en bord de mer \u00e0 Cattolica. Chambres \u00e9l\u00e9gantes, SPA, lounge bar et vue sur l&#039;Adriatique.\" \/>\n<meta property=\"og:url\" content=\"https:\/\/www.victoriapalacehotels.com\/fr\/\" \/>\n<meta property=\"og:site_name\" content=\"Victoria Palace Hotels\" \/>\n<meta property=\"article:publisher\" content=\"https:\/\/www.facebook.com\/victoriapalace.cattolica\" \/>\n<meta property=\"article:modified_time\" content=\"2025-12-30T09:00:39+00:00\" \/>\n<meta property=\"og:image\" content=\"https:\/\/www.victoriapalacehotels.com\/wp-content\/uploads\/2025\/05\/victoriapalace_hotel_1704473395_3273682561341314685_490365598.jpg\" \/>\n\t<meta property=\"og:image:width\" content=\"2048\" \/>\n\t<meta property=\"og:image:height\" content=\"1363\" \/>\n\t<meta property=\"og:image:type\" content=\"image\/jpeg\" \/>\n<meta name=\"twitter:card\" content=\"summary_large_image\" \/>\n<meta name=\"twitter:label1\" content=\"Dur\u00e9e de lecture estim\u00e9e\" \/>\n\t<meta name=\"twitter:data1\" content=\"1 minute\" \/>\n<script type=\"application\/ld+json\" class=\"yoast-schema-graph\">{\"@context\":\"https:\\\/\\\/schema.org\",\"@graph\":[{\"@type\":\"WebPage\",\"@id\":\"https:\\\/\\\/www.victoriapalacehotels.com\\\/fr\\\/\",\"url\":\"https:\\\/\\\/www.victoriapalacehotels.com\\\/fr\\\/\",\"name\":\"Victoria Palace Hotels Cattolica | H\u00f4tel 4 \u00c9toiles en Bord de Mer\",\"isPartOf\":{\"@id\":\"https:\\\/\\\/www.victoriapalacehotels.com\\\/#website\"},\"datePublished\":\"2021-03-12T16:30:40+00:00\",\"dateModified\":\"2025-12-30T09:00:39+00:00\",\"description\":\"S\u00e9journez au Victoria Palace Hotel, h\u00f4tel 4 \u00e9toiles en bord de mer \u00e0 Cattolica. Chambres \u00e9l\u00e9gantes, SPA, lounge bar et vue sur l'Adriatique.\",\"breadcrumb\":{\"@id\":\"https:\\\/\\\/www.victoriapalacehotels.com\\\/fr\\\/#breadcrumb\"},\"inLanguage\":\"fr-FR\",\"potentialAction\":[{\"@type\":\"ReadAction\",\"target\":[\"https:\\\/\\\/www.victoriapalacehotels.com\\\/fr\\\/\"]}]},{\"@type\":\"BreadcrumbList\",\"@id\":\"https:\\\/\\\/www.victoriapalacehotels.com\\\/fr\\\/#breadcrumb\",\"itemListElement\":[{\"@type\":\"ListItem\",\"position\":1,\"name\":\"Home\",\"item\":\"https:\\\/\\\/www.victoriapalacehotels.com\\\/fr\\\/\"},{\"@type\":\"ListItem\",\"position\":2,\"name\":\"Homepage\"}]},{\"@type\":\"WebSite\",\"@id\":\"https:\\\/\\\/www.victoriapalacehotels.com\\\/#website\",\"url\":\"https:\\\/\\\/www.victoriapalacehotels.com\\\/\",\"name\":\"Victoria Palace Hotels\",\"description\":\"\",\"publisher\":{\"@id\":\"https:\\\/\\\/www.victoriapalacehotels.com\\\/#organization\"},\"potentialAction\":[{\"@type\":\"SearchAction\",\"target\":{\"@type\":\"EntryPoint\",\"urlTemplate\":\"https:\\\/\\\/www.victoriapalacehotels.com\\\/?s={search_term_string}\"},\"query-input\":{\"@type\":\"PropertyValueSpecification\",\"valueRequired\":true,\"valueName\":\"search_term_string\"}}],\"inLanguage\":\"fr-FR\"},{\"@type\":\"Organization\",\"@id\":\"https:\\\/\\\/www.victoriapalacehotels.com\\\/#organization\",\"name\":\"Victoria Palace Hotels\",\"url\":\"https:\\\/\\\/www.victoriapalacehotels.com\\\/\",\"logo\":{\"@type\":\"ImageObject\",\"inLanguage\":\"fr-FR\",\"@id\":\"https:\\\/\\\/www.victoriapalacehotels.com\\\/#\\\/schema\\\/logo\\\/image\\\/\",\"url\":\"https:\\\/\\\/www.victoriapalacehotels.com\\\/wp-content\\\/uploads\\\/2021\\\/01\\\/logo_header_-08-08.png\",\"contentUrl\":\"https:\\\/\\\/www.victoriapalacehotels.com\\\/wp-content\\\/uploads\\\/2021\\\/01\\\/logo_header_-08-08.png\",\"width\":201,\"height\":101,\"caption\":\"Victoria Palace Hotels\"},\"image\":{\"@id\":\"https:\\\/\\\/www.victoriapalacehotels.com\\\/#\\\/schema\\\/logo\\\/image\\\/\"},\"sameAs\":[\"https:\\\/\\\/www.facebook.com\\\/victoriapalace.cattolica\"]}]}<\/script>\n<!-- \/ Yoast SEO plugin. -->","yoast_head_json":{"title":"Victoria Palace Hotels Cattolica | H\u00f4tel 4 \u00c9toiles en Bord de Mer","description":"S\u00e9journez au Victoria Palace Hotel, h\u00f4tel 4 \u00e9toiles en bord de mer \u00e0 Cattolica. Chambres \u00e9l\u00e9gantes, SPA, lounge bar et vue sur l'Adriatique.","robots":{"index":"index","follow":"follow","max-snippet":"max-snippet:-1","max-image-preview":"max-image-preview:large","max-video-preview":"max-video-preview:-1"},"canonical":"https:\/\/www.victoriapalacehotels.com\/fr\/","og_locale":"fr_FR","og_type":"article","og_title":"Victoria Palace Hotels Cattolica | H\u00f4tel 4 \u00c9toiles en Bord de Mer","og_description":"S\u00e9journez au Victoria Palace Hotel, h\u00f4tel 4 \u00e9toiles en bord de mer \u00e0 Cattolica. Chambres \u00e9l\u00e9gantes, SPA, lounge bar et vue sur l'Adriatique.","og_url":"https:\/\/www.victoriapalacehotels.com\/fr\/","og_site_name":"Victoria Palace Hotels","article_publisher":"https:\/\/www.facebook.com\/victoriapalace.cattolica","article_modified_time":"2025-12-30T09:00:39+00:00","og_image":[{"width":2048,"height":1363,"url":"https:\/\/www.victoriapalacehotels.com\/wp-content\/uploads\/2025\/05\/victoriapalace_hotel_1704473395_3273682561341314685_490365598.jpg","type":"image\/jpeg"}],"twitter_card":"summary_large_image","twitter_misc":{"Dur\u00e9e de lecture estim\u00e9e":"1 minute"},"schema":{"@context":"https:\/\/schema.org","@graph":[{"@type":"WebPage","@id":"https:\/\/www.victoriapalacehotels.com\/fr\/","url":"https:\/\/www.victoriapalacehotels.com\/fr\/","name":"Victoria Palace Hotels Cattolica | H\u00f4tel 4 \u00c9toiles en Bord de Mer","isPartOf":{"@id":"https:\/\/www.victoriapalacehotels.com\/#website"},"datePublished":"2021-03-12T16:30:40+00:00","dateModified":"2025-12-30T09:00:39+00:00","description":"S\u00e9journez au Victoria Palace Hotel, h\u00f4tel 4 \u00e9toiles en bord de mer \u00e0 Cattolica. Chambres \u00e9l\u00e9gantes, SPA, lounge bar et vue sur l'Adriatique.","breadcrumb":{"@id":"https:\/\/www.victoriapalacehotels.com\/fr\/#breadcrumb"},"inLanguage":"fr-FR","potentialAction":[{"@type":"ReadAction","target":["https:\/\/www.victoriapalacehotels.com\/fr\/"]}]},{"@type":"BreadcrumbList","@id":"https:\/\/www.victoriapalacehotels.com\/fr\/#breadcrumb","itemListElement":[{"@type":"ListItem","position":1,"name":"Home","item":"https:\/\/www.victoriapalacehotels.com\/fr\/"},{"@type":"ListItem","position":2,"name":"Homepage"}]},{"@type":"WebSite","@id":"https:\/\/www.victoriapalacehotels.com\/#website","url":"https:\/\/www.victoriapalacehotels.com\/","name":"Victoria Palace Hotels","description":"","publisher":{"@id":"https:\/\/www.victoriapalacehotels.com\/#organization"},"potentialAction":[{"@type":"SearchAction","target":{"@type":"EntryPoint","urlTemplate":"https:\/\/www.victoriapalacehotels.com\/?s={search_term_string}"},"query-input":{"@type":"PropertyValueSpecification","valueRequired":true,"valueName":"search_term_string"}}],"inLanguage":"fr-FR"},{"@type":"Organization","@id":"https:\/\/www.victoriapalacehotels.com\/#organization","name":"Victoria Palace Hotels","url":"https:\/\/www.victoriapalacehotels.com\/","logo":{"@type":"ImageObject","inLanguage":"fr-FR","@id":"https:\/\/www.victoriapalacehotels.com\/#\/schema\/logo\/image\/","url":"https:\/\/www.victoriapalacehotels.com\/wp-content\/uploads\/2021\/01\/logo_header_-08-08.png","contentUrl":"https:\/\/www.victoriapalacehotels.com\/wp-content\/uploads\/2021\/01\/logo_header_-08-08.png","width":201,"height":101,"caption":"Victoria Palace Hotels"},"image":{"@id":"https:\/\/www.victoriapalacehotels.com\/#\/schema\/logo\/image\/"},"sameAs":["https:\/\/www.facebook.com\/victoriapalace.cattolica"]}]}},"_links":{"self":[{"href":"https:\/\/www.victoriapalacehotels.com\/fr\/wp-json\/wp\/v2\/pages\/2338","targetHints":{"allow":["GET"]}}],"collection":[{"href":"https:\/\/www.victoriapalacehotels.com\/fr\/wp-json\/wp\/v2\/pages"}],"about":[{"href":"https:\/\/www.victoriapalacehotels.com\/fr\/wp-json\/wp\/v2\/types\/page"}],"author":[{"embeddable":true,"href":"https:\/\/www.victoriapalacehotels.com\/fr\/wp-json\/wp\/v2\/users\/1"}],"replies":[{"embeddable":true,"href":"https:\/\/www.victoriapalacehotels.com\/fr\/wp-json\/wp\/v2\/comments?post=2338"}],"version-history":[{"count":29,"href":"https:\/\/www.victoriapalacehotels.com\/fr\/wp-json\/wp\/v2\/pages\/2338\/revisions"}],"predecessor-version":[{"id":11463,"href":"https:\/\/www.victoriapalacehotels.com\/fr\/wp-json\/wp\/v2\/pages\/2338\/revisions\/11463"}],"wp:attachment":[{"href":"https:\/\/www.victoriapalacehotels.com\/fr\/wp-json\/wp\/v2\/media?parent=2338"}],"curies":[{"name":"wp","href":"https:\/\/api.w.org\/{rel}","templated":true}]}}