{"id":3162,"date":"2021-04-09T11:40:26","date_gmt":"2021-04-09T09:40:26","guid":{"rendered":"https:\/\/www.victoriapalacehotels.com\/?page_id=3162"},"modified":"2025-05-13T10:59:42","modified_gmt":"2025-05-13T08:59:42","slug":"experience-and-offers","status":"publish","type":"page","link":"https:\/\/www.victoriapalacehotels.com\/de\/experience-and-offers\/","title":{"rendered":"Experience &#038; Offers"},"content":{"rendered":"<p>Sonne, Stand, Meer, Sport, Kultur, Natur, Spa\u00df und Urlaub. Ob Sie erholsame Tage am Strand verbringen m\u00f6chten, ob Sie ein Sportler sind oder die Territorien der Romagna und der Marken entdecken m\u00f6chten, Cattolica und das Victoria Palace bieten Ihnen viele M\u00f6glichkeiten. Die Entscheidung liegt alleinig bei Ihnen.<\/p>\n","protected":false},"excerpt":{"rendered":"<p>Sonne, Stand, Meer, Sport, Kultur, Natur, Spa\u00df und Urlaub. Ob Sie erholsame Tage am Strand verbringen m\u00f6chten, ob Sie ein Sportler sind oder die Territorien der Romagna und der Marken entdecken m\u00f6chten, Cattolica und das Victoria Palace bieten Ihnen viele M\u00f6glichkeiten. Die Entscheidung liegt alleinig bei Ihnen.<\/p>\n","protected":false},"author":1,"featured_media":0,"parent":0,"menu_order":0,"comment_status":"closed","ping_status":"closed","template":"","meta":{"_acf_changed":false,"footnotes":""},"class_list":["post-3162","page","type-page","status-publish","hentry"],"acf":[],"yoast_head":"<!-- This site is optimized with the Yoast SEO plugin v27.5 - https:\/\/yoast.com\/product\/yoast-seo-wordpress\/ -->\n<title>Victoria Palace Hotels Cattolica | Exklusive Angebote &amp; Erlebnisse<\/title>\n<meta name=\"description\" content=\"Entdecken Sie exklusive Angebote und Pakete im Victoria Palace Hotel: Wellnessaufenthalte, einzigartige Erlebnisse und Sonderaktionen in Cattolica.\" \/>\n<meta name=\"robots\" content=\"index, follow, max-snippet:-1, max-image-preview:large, max-video-preview:-1\" \/>\n<link rel=\"canonical\" href=\"https:\/\/www.victoriapalacehotels.com\/de\/experience-and-offers\/\" \/>\n<meta property=\"og:locale\" content=\"de_DE\" \/>\n<meta property=\"og:type\" content=\"article\" \/>\n<meta property=\"og:title\" content=\"Victoria Palace Hotels Cattolica | Exklusive Angebote &amp; Erlebnisse\" \/>\n<meta property=\"og:description\" content=\"Entdecken Sie exklusive Angebote und Pakete im Victoria Palace Hotel: Wellnessaufenthalte, einzigartige Erlebnisse und Sonderaktionen in Cattolica.\" \/>\n<meta property=\"og:url\" content=\"https:\/\/www.victoriapalacehotels.com\/de\/experience-and-offers\/\" \/>\n<meta property=\"og:site_name\" content=\"Victoria Palace Hotels\" \/>\n<meta property=\"article:publisher\" content=\"https:\/\/www.facebook.com\/victoriapalace.cattolica\" \/>\n<meta property=\"article:modified_time\" content=\"2025-05-13T08:59:42+00:00\" \/>\n<meta property=\"og:image\" content=\"https:\/\/www.victoriapalacehotels.com\/wp-content\/uploads\/2025\/05\/victoriapalace_hotel_1704473395_3273682561341314685_490365598.jpg\" \/>\n\t<meta property=\"og:image:width\" content=\"2048\" \/>\n\t<meta property=\"og:image:height\" content=\"1363\" \/>\n\t<meta property=\"og:image:type\" content=\"image\/jpeg\" \/>\n<meta name=\"twitter:card\" content=\"summary_large_image\" \/>\n<meta name=\"twitter:label1\" content=\"Gesch\u00e4tzte Lesezeit\" \/>\n\t<meta name=\"twitter:data1\" content=\"1\u00a0Minute\" \/>\n<script type=\"application\/ld+json\" class=\"yoast-schema-graph\">{\"@context\":\"https:\\\/\\\/schema.org\",\"@graph\":[{\"@type\":\"WebPage\",\"@id\":\"https:\\\/\\\/www.victoriapalacehotels.com\\\/de\\\/experience-and-offers\\\/\",\"url\":\"https:\\\/\\\/www.victoriapalacehotels.com\\\/de\\\/experience-and-offers\\\/\",\"name\":\"Victoria Palace Hotels Cattolica | Exklusive Angebote & Erlebnisse\",\"isPartOf\":{\"@id\":\"https:\\\/\\\/www.victoriapalacehotels.com\\\/#website\"},\"datePublished\":\"2021-04-09T09:40:26+00:00\",\"dateModified\":\"2025-05-13T08:59:42+00:00\",\"description\":\"Entdecken Sie exklusive Angebote und Pakete im Victoria Palace Hotel: Wellnessaufenthalte, einzigartige Erlebnisse und Sonderaktionen in Cattolica.\",\"breadcrumb\":{\"@id\":\"https:\\\/\\\/www.victoriapalacehotels.com\\\/de\\\/experience-and-offers\\\/#breadcrumb\"},\"inLanguage\":\"de\",\"potentialAction\":[{\"@type\":\"ReadAction\",\"target\":[\"https:\\\/\\\/www.victoriapalacehotels.com\\\/de\\\/experience-and-offers\\\/\"]}]},{\"@type\":\"BreadcrumbList\",\"@id\":\"https:\\\/\\\/www.victoriapalacehotels.com\\\/de\\\/experience-and-offers\\\/#breadcrumb\",\"itemListElement\":[{\"@type\":\"ListItem\",\"position\":1,\"name\":\"Home\",\"item\":\"https:\\\/\\\/www.victoriapalacehotels.com\\\/de\\\/\"},{\"@type\":\"ListItem\",\"position\":2,\"name\":\"Experience &#038; Offers\"}]},{\"@type\":\"WebSite\",\"@id\":\"https:\\\/\\\/www.victoriapalacehotels.com\\\/#website\",\"url\":\"https:\\\/\\\/www.victoriapalacehotels.com\\\/\",\"name\":\"Victoria Palace Hotels\",\"description\":\"\",\"publisher\":{\"@id\":\"https:\\\/\\\/www.victoriapalacehotels.com\\\/#organization\"},\"potentialAction\":[{\"@type\":\"SearchAction\",\"target\":{\"@type\":\"EntryPoint\",\"urlTemplate\":\"https:\\\/\\\/www.victoriapalacehotels.com\\\/?s={search_term_string}\"},\"query-input\":{\"@type\":\"PropertyValueSpecification\",\"valueRequired\":true,\"valueName\":\"search_term_string\"}}],\"inLanguage\":\"de\"},{\"@type\":\"Organization\",\"@id\":\"https:\\\/\\\/www.victoriapalacehotels.com\\\/#organization\",\"name\":\"Victoria Palace Hotels\",\"url\":\"https:\\\/\\\/www.victoriapalacehotels.com\\\/\",\"logo\":{\"@type\":\"ImageObject\",\"inLanguage\":\"de\",\"@id\":\"https:\\\/\\\/www.victoriapalacehotels.com\\\/#\\\/schema\\\/logo\\\/image\\\/\",\"url\":\"https:\\\/\\\/www.victoriapalacehotels.com\\\/wp-content\\\/uploads\\\/2021\\\/01\\\/logo_header_-08-08.png\",\"contentUrl\":\"https:\\\/\\\/www.victoriapalacehotels.com\\\/wp-content\\\/uploads\\\/2021\\\/01\\\/logo_header_-08-08.png\",\"width\":201,\"height\":101,\"caption\":\"Victoria Palace Hotels\"},\"image\":{\"@id\":\"https:\\\/\\\/www.victoriapalacehotels.com\\\/#\\\/schema\\\/logo\\\/image\\\/\"},\"sameAs\":[\"https:\\\/\\\/www.facebook.com\\\/victoriapalace.cattolica\"]}]}<\/script>\n<!-- \/ Yoast SEO plugin. -->","yoast_head_json":{"title":"Victoria Palace Hotels Cattolica | Exklusive Angebote & Erlebnisse","description":"Entdecken Sie exklusive Angebote und Pakete im Victoria Palace Hotel: Wellnessaufenthalte, einzigartige Erlebnisse und Sonderaktionen in Cattolica.","robots":{"index":"index","follow":"follow","max-snippet":"max-snippet:-1","max-image-preview":"max-image-preview:large","max-video-preview":"max-video-preview:-1"},"canonical":"https:\/\/www.victoriapalacehotels.com\/de\/experience-and-offers\/","og_locale":"de_DE","og_type":"article","og_title":"Victoria Palace Hotels Cattolica | Exklusive Angebote & Erlebnisse","og_description":"Entdecken Sie exklusive Angebote und Pakete im Victoria Palace Hotel: Wellnessaufenthalte, einzigartige Erlebnisse und Sonderaktionen in Cattolica.","og_url":"https:\/\/www.victoriapalacehotels.com\/de\/experience-and-offers\/","og_site_name":"Victoria Palace Hotels","article_publisher":"https:\/\/www.facebook.com\/victoriapalace.cattolica","article_modified_time":"2025-05-13T08:59:42+00:00","og_image":[{"width":2048,"height":1363,"url":"https:\/\/www.victoriapalacehotels.com\/wp-content\/uploads\/2025\/05\/victoriapalace_hotel_1704473395_3273682561341314685_490365598.jpg","type":"image\/jpeg"}],"twitter_card":"summary_large_image","twitter_misc":{"Gesch\u00e4tzte Lesezeit":"1\u00a0Minute"},"schema":{"@context":"https:\/\/schema.org","@graph":[{"@type":"WebPage","@id":"https:\/\/www.victoriapalacehotels.com\/de\/experience-and-offers\/","url":"https:\/\/www.victoriapalacehotels.com\/de\/experience-and-offers\/","name":"Victoria Palace Hotels Cattolica | Exklusive Angebote & Erlebnisse","isPartOf":{"@id":"https:\/\/www.victoriapalacehotels.com\/#website"},"datePublished":"2021-04-09T09:40:26+00:00","dateModified":"2025-05-13T08:59:42+00:00","description":"Entdecken Sie exklusive Angebote und Pakete im Victoria Palace Hotel: Wellnessaufenthalte, einzigartige Erlebnisse und Sonderaktionen in Cattolica.","breadcrumb":{"@id":"https:\/\/www.victoriapalacehotels.com\/de\/experience-and-offers\/#breadcrumb"},"inLanguage":"de","potentialAction":[{"@type":"ReadAction","target":["https:\/\/www.victoriapalacehotels.com\/de\/experience-and-offers\/"]}]},{"@type":"BreadcrumbList","@id":"https:\/\/www.victoriapalacehotels.com\/de\/experience-and-offers\/#breadcrumb","itemListElement":[{"@type":"ListItem","position":1,"name":"Home","item":"https:\/\/www.victoriapalacehotels.com\/de\/"},{"@type":"ListItem","position":2,"name":"Experience &#038; Offers"}]},{"@type":"WebSite","@id":"https:\/\/www.victoriapalacehotels.com\/#website","url":"https:\/\/www.victoriapalacehotels.com\/","name":"Victoria Palace Hotels","description":"","publisher":{"@id":"https:\/\/www.victoriapalacehotels.com\/#organization"},"potentialAction":[{"@type":"SearchAction","target":{"@type":"EntryPoint","urlTemplate":"https:\/\/www.victoriapalacehotels.com\/?s={search_term_string}"},"query-input":{"@type":"PropertyValueSpecification","valueRequired":true,"valueName":"search_term_string"}}],"inLanguage":"de"},{"@type":"Organization","@id":"https:\/\/www.victoriapalacehotels.com\/#organization","name":"Victoria Palace Hotels","url":"https:\/\/www.victoriapalacehotels.com\/","logo":{"@type":"ImageObject","inLanguage":"de","@id":"https:\/\/www.victoriapalacehotels.com\/#\/schema\/logo\/image\/","url":"https:\/\/www.victoriapalacehotels.com\/wp-content\/uploads\/2021\/01\/logo_header_-08-08.png","contentUrl":"https:\/\/www.victoriapalacehotels.com\/wp-content\/uploads\/2021\/01\/logo_header_-08-08.png","width":201,"height":101,"caption":"Victoria Palace Hotels"},"image":{"@id":"https:\/\/www.victoriapalacehotels.com\/#\/schema\/logo\/image\/"},"sameAs":["https:\/\/www.facebook.com\/victoriapalace.cattolica"]}]}},"_links":{"self":[{"href":"https:\/\/www.victoriapalacehotels.com\/de\/wp-json\/wp\/v2\/pages\/3162","targetHints":{"allow":["GET"]}}],"collection":[{"href":"https:\/\/www.victoriapalacehotels.com\/de\/wp-json\/wp\/v2\/pages"}],"about":[{"href":"https:\/\/www.victoriapalacehotels.com\/de\/wp-json\/wp\/v2\/types\/page"}],"author":[{"embeddable":true,"href":"https:\/\/www.victoriapalacehotels.com\/de\/wp-json\/wp\/v2\/users\/1"}],"replies":[{"embeddable":true,"href":"https:\/\/www.victoriapalacehotels.com\/de\/wp-json\/wp\/v2\/comments?post=3162"}],"version-history":[{"count":7,"href":"https:\/\/www.victoriapalacehotels.com\/de\/wp-json\/wp\/v2\/pages\/3162\/revisions"}],"predecessor-version":[{"id":9493,"href":"https:\/\/www.victoriapalacehotels.com\/de\/wp-json\/wp\/v2\/pages\/3162\/revisions\/9493"}],"wp:attachment":[{"href":"https:\/\/www.victoriapalacehotels.com\/de\/wp-json\/wp\/v2\/media?parent=3162"}],"curies":[{"name":"wp","href":"https:\/\/api.w.org\/{rel}","templated":true}]}}